{"id":1286,"date":"2024-04-09T14:55:55","date_gmt":"2024-04-09T11:55:55","guid":{"rendered":"https:\/\/ssm.fi\/jakajaksi\/?page_id=1286"},"modified":"2025-01-30T11:18:09","modified_gmt":"2025-01-30T09:18:09","slug":"tietosuojaseloste","status":"publish","type":"page","link":"https:\/\/ssm.fi\/jakajaksi\/tietosuojaseloste","title":{"rendered":"Tietosuojaseloste"},"content":{"rendered":"[vc_row type=&#8221;in_container&#8221; full_screen_row_position=&#8221;middle&#8221; column_margin=&#8221;default&#8221; column_direction=&#8221;default&#8221; column_direction_tablet=&#8221;default&#8221; column_direction_phone=&#8221;default&#8221; scene_position=&#8221;center&#8221; top_padding=&#8221;1%&#8221; bottom_padding=&#8221;6%&#8221; top_padding_phone=&#8221;4%&#8221; bottom_padding_phone=&#8221;15%&#8221; text_color=&#8221;dark&#8221; text_align=&#8221;left&#8221; row_border_radius=&#8221;none&#8221; row_border_radius_applies=&#8221;bg&#8221; overflow=&#8221;visible&#8221; overlay_strength=&#8221;0.3&#8243; gradient_direction=&#8221;left_to_right&#8221; shape_divider_position=&#8221;bottom&#8221; bg_image_animation=&#8221;none&#8221; gradient_type=&#8221;default&#8221; shape_type=&#8221;&#8221;][vc_column column_padding=&#8221;padding-4-percent&#8221; column_padding_tablet=&#8221;inherit&#8221; column_padding_phone=&#8221;inherit&#8221; column_padding_position=&#8221;all&#8221; column_element_direction_desktop=&#8221;default&#8221; column_element_spacing=&#8221;default&#8221; desktop_text_alignment=&#8221;default&#8221; tablet_text_alignment=&#8221;default&#8221; phone_text_alignment=&#8221;default&#8221; background_color=&#8221;rgba(0,154,232,0.09)&#8221; background_color_opacity=&#8221;1&#8243; background_hover_color_opacity=&#8221;1&#8243; column_backdrop_filter=&#8221;none&#8221; column_shadow=&#8221;none&#8221; column_border_radius=&#8221;15px&#8221; column_link_target=&#8221;_self&#8221; column_position=&#8221;default&#8221; gradient_direction=&#8221;left_to_right&#8221; overlay_strength=&#8221;0.3&#8243; width=&#8221;1\/1&#8243; tablet_width_inherit=&#8221;default&#8221; animation_type=&#8221;default&#8221; bg_image_animation=&#8221;none&#8221; border_type=&#8221;simple&#8221; column_border_width=&#8221;none&#8221; column_border_style=&#8221;solid&#8221; column_padding_type=&#8221;default&#8221; gradient_type=&#8221;default&#8221;][vc_column_text css=&#8221;&#8221; text_direction=&#8221;default&#8221; max_width=&#8221;900&#8243;]\n<h2>Tietosuojaseloste: ty\u00f6nhakijarekisteri (ssm.fi\/jakajaksi)<\/h2>\n<p>&nbsp;<\/p>\n<h4>1. Rekisterinpit\u00e4j\u00e4t<\/h4>\n<p>Suomen Suoramainonta Oy | Y-tunnus: 0798131-5<br \/>\nS\u00e4hk\u00f6tie 8, 01510 Vantaa<\/p>\n<p>Yhteystiedot rekisteri\u00e4 koskevissa asioissa:<br \/>\nSuomen Suoramainonta Oy \/ Olli-Pekka Sinkko<br \/>\nS\u00e4hk\u00f6tie 8, 01510 Vantaa<br \/>\n09 5615 6895 | olli-pekka.sinkko@ssm.fi<\/p>\n<p>Suomen Suoramainonta Oy sek\u00e4 sen kanssa samaan SSM-konserniin kuuluvat tyt\u00e4r- ja osakkuusyhti\u00f6t (L\u00e4nsi-Uudenmaan Mainosjakelu Oy ja Oulu Suorajakelu Oy) ovat yhteisrekisterinpit\u00e4ji\u00e4, jotka m\u00e4\u00e4ritt\u00e4v\u00e4t yhdess\u00e4 ty\u00f6nhakijoita koskevan rekisterin henkil\u00f6tietojen k\u00e4ytt\u00f6tarkoitukset ja keinot. Yhteisrekisterinpit\u00e4j\u00e4t ovat sopineet, ett\u00e4 Suomen Suoramainonta Oy vastaa itsens\u00e4 ja tyt\u00e4r- ja osakkuusyhti\u00f6iden puolesta rekister\u00f6ityjen informoinnista.<\/p>\n<p>&nbsp;<\/p>\n<h4>2. Rekister\u00f6idyt<\/h4>\n<p>Ty\u00f6nhakijat (jakeluty\u00f6)<\/p>\n<p>&nbsp;<\/p>\n<h4>3. Henkil\u00f6tietojen k\u00e4ytt\u00f6tarkoitus ja k\u00e4sittelyperusteet<\/h4>\n<p>Rekisteriin ker\u00e4t\u00e4\u00e4n ty\u00f6nhakijoiden antamia tietoja, joita Suomen Suoramainonta -ketjun jakeluyhti\u00f6t tarvitsevat potentiaalisten ty\u00f6nhakijoiden tunnistamisessa ja rekrytoinnissa. Henkil\u00f6tietojen k\u00e4sittely perustuu ty\u00f6nhakijan antamaan suostumukseen tai oikeutettuun etuumme.<\/p>\n<p>&nbsp;<\/p>\n<h4>4. Rekisteriin tallennettavat henkil\u00f6tiedot<\/h4>\n<p>Ty\u00f6nhakijarekisteri sis\u00e4lt\u00e4\u00e4 seuraavat tiedot:<\/p>\n<ul>\n<li>Nimi ja syntym\u00e4aika<\/li>\n<li>Osoite, s\u00e4hk\u00f6postiosoite ja puhelinnumero<\/li>\n<\/ul>\n<p>Lis\u00e4ksi hakijoilta kysyt\u00e4\u00e4n, mist\u00e4 tieto avoinna olevista ty\u00f6paikoista on saatu, onko hakijalla k\u00e4yt\u00f6ss\u00e4\u00e4n ajoneuvoa, nykyist\u00e4 ty\u00f6tilannetta, sek\u00e4 toivotun ty\u00f6suhteen tyyppi\u00e4.<\/p>\n<p><strong>K\u00e4ytt\u00e4j\u00e4nseuranta<\/strong><br \/>\nK\u00e4yt\u00e4mme Leadoon k\u00e4ytt\u00e4j\u00e4nseurantaa seurataksemme miten k\u00e4ytt\u00e4j\u00e4mme liikkuvat nettisivuillamme ja yhdist\u00e4mme t\u00e4m\u00e4n datan k\u00e4ytt\u00e4j\u00e4n tietoihin joita ker\u00e4t\u00e4\u00e4n esim. Chat interaktioiden kautta. Leadoo k\u00e4ytt\u00e4\u00e4 etag seurantaa joka teknisesti eroaa keksipohjaisesta seurannasta, mutta johon p\u00e4tee samat lainalaisuudet kuin ev\u00e4steisiin. Tarkista Leadoo Marketing Technologies Oyn tietosuojak\u00e4yt\u00e4nt\u00f6 (https:\/\/leadoo.com\/privacy-policy\/) tiet\u00e4\u00e4ksesi enemm\u00e4n siit\u00e4 mit\u00e4 j\u00e4rjestelm\u00e4ss\u00e4 seurataan. GDPR mieless\u00e4 me toimimme kontrollerina ja Leadoo datan prosessorina. Mik\u00e4li et halua ett\u00e4 sinua seurataan voit tyhjent\u00e4\u00e4 selaimesi v\u00e4limuistin. Lis\u00e4tietoja siit\u00e4 miten Leadoo toimii tarkista https:\/\/leadoo.com\/privacy-policy-processor\/<\/p>\n<p>&nbsp;<\/p>\n<h4>5. Rekister\u00f6idyn oikeudet<\/h4>\n<p>Rekister\u00f6idyll\u00e4 on seuraavat oikeudet, joiden k\u00e4ytt\u00e4mist\u00e4 koskevat pyynn\u00f6t tulee tehd\u00e4 osoitteeseen tuki@ssm.fi.<\/p>\n<p><strong>Tarkastusoikeus<\/strong><br \/>\nRekister\u00f6ity voi tarkistaa tallentamamme henkil\u00f6tiedot.<\/p>\n<p><strong>Oikeus tietojen oikaisemiseen<\/strong><br \/>\nRekister\u00f6ity voi pyyt\u00e4\u00e4 oikaisemaan h\u00e4nt\u00e4 koskevat virheelliset tai puutteelliset tiedot.<\/p>\n<p><strong>Vastustamisoikeus<\/strong><br \/>\nRekister\u00f6ity voi vastustaa henkil\u00f6tietojen k\u00e4sittely\u00e4, joka perustuu oikeutettuun etuun.<\/p>\n<p><strong>Poisto-oikeus<\/strong><br \/>\nRekister\u00f6idyll\u00e4 on oikeus pyyt\u00e4\u00e4 tietojen poistamista. K\u00e4sittelemme poistopyynn\u00f6n, jonka j\u00e4lkeen joko poistamme tiedot tai ilmoitamme perustellun syyn, miksi tietoja ei voida poistaa. On huomioitava, ett\u00e4 rekisterinpit\u00e4j\u00e4ll\u00e4 voi olla lakis\u00e4\u00e4teinen tai muu oikeus olla poistamatta pyydetty\u00e4 tietoa.<\/p>\n<p><strong>Suostumuksen peruuttaminen<\/strong><br \/>\nRekister\u00f6ity voi peruuttaa suostumuksensa henkil\u00f6tietojen k\u00e4sittelyyn. Suostumuksen peruuttaminen johtaa siihen, ett\u00e4 emme voi huomioida rekister\u00f6idyn hakemusta rekrytoinnissa.<\/p>\n<p><strong>K\u00e4sittelyn rajoittaminen<\/strong><br \/>\nRekister\u00f6idyll\u00e4 on oikeus vaatia, ett\u00e4 rajoitamme kiistanalaisten tietojen k\u00e4sittely\u00e4 siksi aikaa, kunnes asia saadaan ratkaistua.<\/p>\n<p><strong>Oikeus siirt\u00e4\u00e4 tiedot<\/strong><br \/>\nRekister\u00f6idyll\u00e4 on oikeus saada antamansa tiedot, joita k\u00e4sittelemme automaattisesti suostumuksen perusteella, yleisesti k\u00e4ytetyss\u00e4 ja koneellisesti luettavassa muodossa ja siirt\u00e4\u00e4 tiedot toiselle rekisterinpit\u00e4j\u00e4lle.<\/p>\n<p><strong>Valitusoikeus<\/strong><br \/>\nRekister\u00f6idyll\u00e4 on oikeus tehd\u00e4 valitus tietosuojavaltuutetulle kantelu, jos h\u00e4n kokee, ett\u00e4 rikomme henkil\u00f6tietoja k\u00e4sitelless\u00e4mme voimassa olevaa tietosuojalains\u00e4\u00e4d\u00e4nt\u00f6\u00e4. Tietosuojavaltuutetun yhteystiedot: www.tietosuoja.fi\/fi\/index\/yhteystiedot.html<\/p>\n<p>&nbsp;<\/p>\n<h4>6. S\u00e4\u00e4nn\u00f6nmukaiset tietol\u00e4hteet<\/h4>\n<p>Tiedot saadaan s\u00e4\u00e4nn\u00f6nmukaisesti ty\u00f6nhakijoilta itselt\u00e4\u00e4n verkkolomakkeen kautta.<\/p>\n<p>&nbsp;<\/p>\n<h4>7. S\u00e4\u00e4nn\u00f6nmukaiset tietojen luovutukset<\/h4>\n<p>Tietoja ei luovuteta markkinointi- tai muihin tarkoituksiin ulkopuolisille yrityksille. Tietoja voidaan luovuttaa viranomaisille niiden lakiin perustuvan pyynn\u00f6n perusteella tai yritysj\u00e4rjestelyn yhteydess\u00e4 vastaanottavalle osapuolelle.<\/p>\n<p>&nbsp;<\/p>\n<h4>8. K\u00e4sittelyn kesto<\/h4>\n<p>Henkil\u00f6tietoja voidaan k\u00e4sitell\u00e4 p\u00e4\u00e4s\u00e4\u00e4nt\u00f6isesti niin kauan, kuin ty\u00f6hakemus on voimassa tai on tarpeen rekrytointiin liittyvien velvoitteiden, mukaan lukien mahdollisten riitojen, hoitamiseksi. Ty\u00f6hakemuksen katsotaan olevan voimassa hakijan ilmoittaman ajan tai jos sit\u00e4 ei ole ilmoitettu, niin t\u00e4ll\u00f6in niin kauan, kunnes hakija ilmoittaa toisin.<\/p>\n<p>&nbsp;<\/p>\n<h4>9. Henkil\u00f6tietojen k\u00e4sittelij\u00e4t<\/h4>\n<p>Rekisterinpit\u00e4j\u00e4, t\u00e4m\u00e4n ty\u00f6ntekij\u00e4t sek\u00e4 Suomen Suoramainonta -ketjun jakeluyhti\u00f6iden ty\u00f6ntekij\u00e4t k\u00e4sittelev\u00e4t henkil\u00f6tietoja. Voimme my\u00f6s ulkoistaa henkil\u00f6tietojen k\u00e4sittelyn osittain kolmannelle osapuolelle, jolloin takaamme sopimusj\u00e4rjestelyin, ett\u00e4 henkil\u00f6tietoja k\u00e4sitell\u00e4\u00e4n voimassa olevan tietosuojalains\u00e4\u00e4d\u00e4nn\u00f6n mukaisesti ja muutoin asianmukaisesti.<\/p>\n<p>&nbsp;<\/p>\n<h4>10. Tietojen siirto EU:n ulkopuolelle<\/h4>\n<p>Voimme siirt\u00e4\u00e4 tietoja EU- tai ETA-alueen ulkopuolelle k\u00e4sittelyn niin vaatiessa. Jos siirr\u00e4mme tiedot EU- tai ETA-alueen ulkopuolelle, huolehdimme henkil\u00f6tietojen suojan riitt\u00e4v\u00e4st\u00e4 tasosta lains\u00e4\u00e4d\u00e4nn\u00f6n edellytt\u00e4m\u00e4ll\u00e4 tavalla, esimerkiksi Euroopan komission hyv\u00e4ksymi\u00e4 vakiosopimuslausekkeita k\u00e4ytt\u00e4en.<\/p>\n<p>&nbsp;<\/p>\n<h4>11. Automaattinen p\u00e4\u00e4t\u00f6ksenteko ja profilointi<\/h4>\n<p>Emme k\u00e4yt\u00e4 tietoja automaattiseen p\u00e4\u00e4t\u00f6ksentekoon tai profilointiin.<\/p>\n<p>&nbsp;<\/p>\n<h4>12. Muutokset<\/h4>\n<p>Voimme muuttaa t\u00e4t\u00e4 tietosuojaselostetta perustellusta syyst\u00e4, esimerkiksi lains\u00e4\u00e4d\u00e4nn\u00f6n tai viranomaisohjeistuksen muuttuessa.<\/p>\n<ul>\n<li>Lauseketta p\u00e4ivitetty 30.1.2025, jolloin muutettu SSM:n osoitetiedot ja lis\u00e4tty Leadoo-k\u00e4ytt\u00e4j\u00e4seurantaosio<\/li>\n<\/ul>\n[\/vc_column_text][\/vc_column][\/vc_row]\n","protected":false},"excerpt":{"rendered":"<p>[vc_row type=&#8221;in_container&#8221; full_screen_row_position=&#8221;middle&#8221; column_margin=&#8221;default&#8221; column_direction=&#8221;default&#8221; column_direction_tablet=&#8221;default&#8221; column_direction_phone=&#8221;default&#8221; scene_position=&#8221;center&#8221; top_padding=&#8221;1%&#8221; bottom_padding=&#8221;6%&#8221; top_padding_phone=&#8221;4%&#8221; bottom_padding_phone=&#8221;15%&#8221; text_color=&#8221;dark&#8221; text_align=&#8221;left&#8221; row_border_radius=&#8221;none&#8221; row_border_radius_applies=&#8221;bg&#8221; overflow=&#8221;visible&#8221; overlay_strength=&#8221;0.3&#8243; gradient_direction=&#8221;left_to_right&#8221; shape_divider_position=&#8221;bottom&#8221; bg_image_animation=&#8221;none&#8221; gradient_type=&#8221;default&#8221; shape_type=&#8221;&#8221;][vc_column column_padding=&#8221;padding-4-percent&#8221; column_padding_tablet=&#8221;inherit&#8221; column_padding_phone=&#8221;inherit&#8221; column_padding_position=&#8221;all&#8221; column_element_direction_desktop=&#8221;default&#8221; column_element_spacing=&#8221;default&#8221; desktop_text_alignment=&#8221;default&#8221;&#8230;<\/p>\n","protected":false},"author":1,"featured_media":0,"parent":0,"menu_order":0,"comment_status":"closed","ping_status":"closed","template":"","meta":{"_acf_changed":false,"_improvement_type_select":"improve_an_existing","_thumb_yes_seoaic":false,"_frame_yes_seoaic":false,"seoaic_generate_description":"","seoaic_improve_instructions_prompt":"","seoaic_rollback_content_improvement":"","seoaic_idea_thumbnail_generator":"","thumbnail_generated":false,"thumbnail_generate_prompt":"","seoaic_article_description":"","footnotes":""},"class_list":["post-1286","page","type-page","status-publish"],"acf":[],"_links":{"self":[{"href":"https:\/\/ssm.fi\/jakajaksi\/wp-json\/wp\/v2\/pages\/1286","targetHints":{"allow":["GET"]}}],"collection":[{"href":"https:\/\/ssm.fi\/jakajaksi\/wp-json\/wp\/v2\/pages"}],"about":[{"href":"https:\/\/ssm.fi\/jakajaksi\/wp-json\/wp\/v2\/types\/page"}],"author":[{"embeddable":true,"href":"https:\/\/ssm.fi\/jakajaksi\/wp-json\/wp\/v2\/users\/1"}],"replies":[{"embeddable":true,"href":"https:\/\/ssm.fi\/jakajaksi\/wp-json\/wp\/v2\/comments?post=1286"}],"version-history":[{"count":8,"href":"https:\/\/ssm.fi\/jakajaksi\/wp-json\/wp\/v2\/pages\/1286\/revisions"}],"predecessor-version":[{"id":2154,"href":"https:\/\/ssm.fi\/jakajaksi\/wp-json\/wp\/v2\/pages\/1286\/revisions\/2154"}],"wp:attachment":[{"href":"https:\/\/ssm.fi\/jakajaksi\/wp-json\/wp\/v2\/media?parent=1286"}],"curies":[{"name":"wp","href":"https:\/\/api.w.org\/{rel}","templated":true}]}}