{"id":1061,"date":"2024-03-29T10:06:07","date_gmt":"2024-03-29T08:06:07","guid":{"rendered":"https:\/\/ssm.fi\/jakajaksi\/?page_id=1061"},"modified":"2024-05-13T14:24:50","modified_gmt":"2024-05-13T11:24:50","slug":"autopiirijakaja","status":"publish","type":"page","link":"https:\/\/ssm.fi\/jakajaksi\/jakelutyo\/autopiirijakaja","title":{"rendered":"Autopiirijakaja"},"content":{"rendered":"[vc_row type=&#8221;in_container&#8221; full_screen_row_position=&#8221;middle&#8221; column_margin=&#8221;default&#8221; column_direction=&#8221;default&#8221; column_direction_tablet=&#8221;default&#8221; column_direction_phone=&#8221;default&#8221; scene_position=&#8221;center&#8221; top_padding=&#8221;5%&#8221; bottom_padding=&#8221;2%&#8221; bottom_padding_phone=&#8221;0%&#8221; text_color=&#8221;dark&#8221; text_align=&#8221;left&#8221; row_border_radius=&#8221;none&#8221; row_border_radius_applies=&#8221;bg&#8221; overflow=&#8221;visible&#8221; overlay_strength=&#8221;0.3&#8243; gradient_direction=&#8221;left_to_right&#8221; shape_divider_position=&#8221;bottom&#8221; bg_image_animation=&#8221;none&#8221; gradient_type=&#8221;default&#8221; shape_type=&#8221;&#8221;][vc_column column_padding=&#8221;no-extra-padding&#8221; column_padding_tablet=&#8221;inherit&#8221; column_padding_phone=&#8221;inherit&#8221; column_padding_position=&#8221;all&#8221; column_element_direction_desktop=&#8221;default&#8221; column_element_spacing=&#8221;default&#8221; desktop_text_alignment=&#8221;default&#8221; tablet_text_alignment=&#8221;default&#8221; phone_text_alignment=&#8221;default&#8221; background_color_opacity=&#8221;1&#8243; background_hover_color_opacity=&#8221;1&#8243; column_backdrop_filter=&#8221;none&#8221; column_shadow=&#8221;none&#8221; column_border_radius=&#8221;none&#8221; column_link_target=&#8221;_self&#8221; column_position=&#8221;default&#8221; gradient_direction=&#8221;left_to_right&#8221; overlay_strength=&#8221;0.3&#8243; width=&#8221;1\/1&#8243; tablet_width_inherit=&#8221;default&#8221; animation_type=&#8221;default&#8221; bg_image_animation=&#8221;none&#8221; border_type=&#8221;simple&#8221; column_border_width=&#8221;none&#8221; column_border_style=&#8221;solid&#8221;][vc_row_inner equal_height=&#8221;yes&#8221; content_placement=&#8221;middle&#8221; column_margin=&#8221;default&#8221; column_direction=&#8221;default&#8221; column_direction_tablet=&#8221;column_reverse&#8221; column_direction_phone=&#8221;column_reverse&#8221; text_align=&#8221;left&#8221; row_position=&#8221;default&#8221; row_position_tablet=&#8221;inherit&#8221; row_position_phone=&#8221;inherit&#8221; overflow=&#8221;visible&#8221; pointer_events=&#8221;all&#8221;][vc_column_inner column_padding=&#8221;no-extra-padding&#8221; column_padding_tablet=&#8221;inherit&#8221; column_padding_phone=&#8221;inherit&#8221; column_padding_position=&#8221;all&#8221; top_margin=&#8221;-10%&#8221; top_margin_tablet=&#8221;5%&#8221; top_margin_phone=&#8221;5%&#8221; bottom_margin_phone=&#8221;5%&#8221; column_element_direction_desktop=&#8221;default&#8221; column_element_spacing=&#8221;default&#8221; desktop_text_alignment=&#8221;default&#8221; tablet_text_alignment=&#8221;default&#8221; phone_text_alignment=&#8221;default&#8221; background_color_opacity=&#8221;1&#8243; background_hover_color_opacity=&#8221;1&#8243; column_backdrop_filter=&#8221;none&#8221; column_shadow=&#8221;none&#8221; column_border_radius=&#8221;none&#8221; column_link_target=&#8221;_self&#8221; overflow=&#8221;visible&#8221; gradient_direction=&#8221;left_to_right&#8221; overlay_strength=&#8221;0.3&#8243; width=&#8221;1\/2&#8243; tablet_width_inherit=&#8221;default&#8221; animation_type=&#8221;default&#8221; bg_image_animation=&#8221;none&#8221; border_type=&#8221;simple&#8221; column_border_width=&#8221;none&#8221; column_border_style=&#8221;solid&#8221; column_padding_type=&#8221;default&#8221; gradient_type=&#8221;default&#8221;][nectar_responsive_text font_size_desktop=&#8221;85&#8243; font_line_height=&#8221;1.05&#8243; text_direction=&#8221;default&#8221; class_name=&#8221;colortext&#8221; font_size_phone=&#8221;55px&#8221;]\n<h1>Autopiirijakaja<\/h1>\n[\/nectar_responsive_text][divider line_type=&#8221;No Line&#8221; custom_height=&#8221;5&#8243; custom_height_phone=&#8221;0&#8243;][nectar_responsive_text text_color=&#8221;#004289&#8243; max_width=&#8221;510&#8243; text_direction=&#8221;default&#8221; font_size_desktop=&#8221;20&#8243; font_line_height=&#8221;1.2&#8243; font_size_phone=&#8221;18&#8243;]Autopiirijakajan ty\u00f6 on s\u00e4\u00e4nn\u00f6llist\u00e4, kerran viikossa tapahtuvaa lehtien ja mainosten jakelua. Merkitt\u00e4v\u00e4 osa jakelupiireist\u00e4 on haja-asutusalueilla, miss\u00e4 oman auton k\u00e4ytt\u00f6 jakeluty\u00f6ss\u00e4 on v\u00e4ltt\u00e4m\u00e4t\u00f6nt\u00e4. My\u00f6s taajamassa on laajoja jakelupiirej\u00e4, jotka on tarkoitettu autolla jaettavaksi.[\/nectar_responsive_text][\/vc_column_inner][vc_column_inner column_padding=&#8221;no-extra-padding&#8221; column_padding_tablet=&#8221;inherit&#8221; column_padding_phone=&#8221;inherit&#8221; column_padding_position=&#8221;all&#8221; top_margin=&#8221;-6%&#8221; left_margin_tablet=&#8221;-5%&#8221; left_margin_phone=&#8221;0&#8243; column_element_direction_desktop=&#8221;default&#8221; column_element_spacing=&#8221;default&#8221; desktop_text_alignment=&#8221;default&#8221; tablet_text_alignment=&#8221;default&#8221; phone_text_alignment=&#8221;default&#8221; background_color_opacity=&#8221;1&#8243; background_hover_color_opacity=&#8221;1&#8243; column_backdrop_filter=&#8221;none&#8221; column_shadow=&#8221;none&#8221; column_border_radius=&#8221;none&#8221; column_link_target=&#8221;_self&#8221; overflow=&#8221;visible&#8221; gradient_direction=&#8221;left_to_right&#8221; overlay_strength=&#8221;0.3&#8243; width=&#8221;1\/2&#8243; tablet_width_inherit=&#8221;default&#8221; animation_type=&#8221;default&#8221; bg_image_animation=&#8221;none&#8221; border_type=&#8221;simple&#8221; column_border_width=&#8221;none&#8221; column_border_style=&#8221;solid&#8221; column_padding_type=&#8221;default&#8221; gradient_type=&#8221;default&#8221;][image_with_animation image_url=&#8221;1062&#8243; image_size=&#8221;full&#8221; animation_type=&#8221;entrance&#8221; animation=&#8221;None&#8221; animation_movement_type=&#8221;transform_y&#8221; hover_animation=&#8221;none&#8221; alignment=&#8221;&#8221; border_radius=&#8221;15px&#8221; box_shadow=&#8221;small_depth&#8221; image_loading=&#8221;default&#8221; max_width=&#8221;125%&#8221; max_width_mobile=&#8221;110%&#8221; margin_left=&#8221;5%&#8221; margin_left_phone=&#8221;1%&#8221;][\/vc_column_inner][\/vc_row_inner][\/vc_column][\/vc_row][vc_row type=&#8221;full_width_background&#8221; full_screen_row_position=&#8221;middle&#8221; column_margin=&#8221;default&#8221; column_direction=&#8221;default&#8221; column_direction_tablet=&#8221;default&#8221; column_direction_phone=&#8221;default&#8221; bg_color=&#8221;#e8f5ff&#8221; animated_gradient_bg=&#8221;true&#8221; animated_gradient_bg_color_1=&#8221;#ffffff&#8221; animated_gradient_bg_color_2=&#8221;#ffffff&#8221; animated_gradient_bg_speed=&#8221;850&#8243; animated_gradient_bg_blending_mode=&#8221;organic&#8221; scene_position=&#8221;center&#8221; top_padding=&#8221;6%&#8221; bottom_padding=&#8221;4%&#8221; top_padding_tablet=&#8221;10%&#8221; constrain_group_3=&#8221;yes&#8221; bottom_padding_tablet=&#8221;10%&#8221; top_padding_phone=&#8221;15%&#8221; bottom_padding_phone=&#8221;15%&#8221; top_margin=&#8221;-8%&#8221; top_margin_tablet=&#8221;0&#8243; top_margin_phone=&#8221;0&#8243; text_color=&#8221;dark&#8221; text_align=&#8221;left&#8221; row_border_radius=&#8221;none&#8221; row_border_radius_applies=&#8221;bg&#8221; overflow=&#8221;visible&#8221; overlay_strength=&#8221;0.3&#8243; gradient_direction=&#8221;left_to_right&#8221; shape_divider_position=&#8221;bottom&#8221; bg_image_animation=&#8221;none&#8221; gradient_type=&#8221;default&#8221; shape_type=&#8221;&#8221;][vc_column left_padding_desktop=&#8221;5%&#8221; constrain_group_101=&#8221;yes&#8221; right_padding_desktop=&#8221;5%&#8221; left_padding_tablet=&#8221;0&#8243; right_padding_tablet=&#8221;0&#8243; left_padding_phone=&#8221;0&#8243; constrain_group_105=&#8221;yes&#8221; right_padding_phone=&#8221;0&#8243; top_margin_phone=&#8221;0&#8243; column_element_direction_desktop=&#8221;default&#8221; column_element_spacing=&#8221;default&#8221; desktop_text_alignment=&#8221;default&#8221; tablet_text_alignment=&#8221;default&#8221; phone_text_alignment=&#8221;default&#8221; background_color_opacity=&#8221;1&#8243; background_hover_color_opacity=&#8221;1&#8243; column_backdrop_filter=&#8221;none&#8221; column_shadow=&#8221;none&#8221; column_border_radius=&#8221;none&#8221; column_link_target=&#8221;_self&#8221; column_position=&#8221;default&#8221; gradient_direction=&#8221;left_to_right&#8221; overlay_strength=&#8221;0.3&#8243; width=&#8221;1\/1&#8243; tablet_width_inherit=&#8221;default&#8221; animation_type=&#8221;default&#8221; bg_image_animation=&#8221;none&#8221; border_type=&#8221;simple&#8221; column_border_width=&#8221;none&#8221; column_border_style=&#8221;solid&#8221; column_padding_type=&#8221;advanced&#8221; gradient_type=&#8221;default&#8221;][vc_row_inner equal_height=&#8221;yes&#8221; content_placement=&#8221;top&#8221; column_margin=&#8221;80px&#8221; column_direction=&#8221;default&#8221; column_direction_tablet=&#8221;default&#8221; column_direction_phone=&#8221;default&#8221; text_align=&#8221;left&#8221; row_position=&#8221;default&#8221; row_position_tablet=&#8221;inherit&#8221; row_position_phone=&#8221;inherit&#8221; overflow=&#8221;visible&#8221; pointer_events=&#8221;all&#8221;][vc_column_inner column_padding=&#8221;no-extra-padding&#8221; column_padding_tablet=&#8221;inherit&#8221; column_padding_phone=&#8221;inherit&#8221; column_padding_position=&#8221;all&#8221; column_element_direction_desktop=&#8221;default&#8221; column_element_spacing=&#8221;default&#8221; desktop_text_alignment=&#8221;default&#8221; tablet_text_alignment=&#8221;default&#8221; phone_text_alignment=&#8221;default&#8221; background_color_opacity=&#8221;1&#8243; background_hover_color_opacity=&#8221;1&#8243; column_backdrop_filter=&#8221;none&#8221; column_shadow=&#8221;none&#8221; column_border_radius=&#8221;none&#8221; column_link_target=&#8221;_self&#8221; overflow=&#8221;visible&#8221; gradient_direction=&#8221;left_to_right&#8221; overlay_strength=&#8221;0.3&#8243; width=&#8221;1\/2&#8243; tablet_width_inherit=&#8221;default&#8221; animation_type=&#8221;default&#8221; bg_image_animation=&#8221;none&#8221; border_type=&#8221;simple&#8221; column_border_width=&#8221;none&#8221; column_border_style=&#8221;solid&#8221; column_padding_type=&#8221;default&#8221; gradient_type=&#8221;default&#8221;][vc_column_text css=&#8221;&#8221; text_direction=&#8221;default&#8221; el_class=&#8221;taulukko&#8221;]\n<table>\n<tbody>\n<tr>\n<td><strong>Ik\u00e4vaatimus<\/strong>:<\/td>\n<td>v\u00e4hint\u00e4\u00e4n 18 vuotta<\/td>\n<\/tr>\n<tr>\n<td><strong>Ajank\u00e4ytt\u00f6<\/strong>:<\/td>\n<td>vaihtelee, noin 1\u20138 tuntia\/jakelu<\/td>\n<\/tr>\n<tr>\n<td><strong>Ty\u00f6ajankohdat<\/strong>:<\/td>\n<td>keskiviikko, lajittelu on mahdollista osin jo jakelua edelt\u00e4v\u00e4n\u00e4 p\u00e4iv\u00e4n\u00e4<\/td>\n<\/tr>\n<tr>\n<td><strong>Jakelupiiri<\/strong>:<\/td>\n<td>vakituinen jakelupiiri taajamassa tai haja-asutusalueella<\/td>\n<\/tr>\n<tr>\n<td><strong>Auton<\/strong> <strong>k\u00e4ytt\u00f6<\/strong>:<\/td>\n<td>tarvitset oman auton<\/td>\n<\/tr>\n<tr>\n<td><strong>Palkkaus<\/strong>:<\/td>\n<td>urakkapalkka, piirin koosta ja jaettavien piirien m\u00e4\u00e4r\u00e4st\u00e4 riippuen keskim\u00e4\u00e4rin 30\u2013300 \u20ac\/kk<\/td>\n<\/tr>\n<tr>\n<td><strong>Kilometrikorvaus<\/strong>:<\/td>\n<td>autopiireill\u00e4 maksetaan auton k\u00e4yt\u00f6st\u00e4 kilometrikorvaus<\/td>\n<\/tr>\n<\/tbody>\n<\/table>\n[\/vc_column_text][\/vc_column_inner][vc_column_inner column_padding=&#8221;no-extra-padding&#8221; column_padding_tablet=&#8221;inherit&#8221; column_padding_phone=&#8221;inherit&#8221; column_padding_position=&#8221;all&#8221; column_element_direction_desktop=&#8221;default&#8221; column_element_spacing=&#8221;default&#8221; desktop_text_alignment=&#8221;default&#8221; tablet_text_alignment=&#8221;default&#8221; phone_text_alignment=&#8221;default&#8221; background_color_opacity=&#8221;1&#8243; background_hover_color_opacity=&#8221;1&#8243; column_backdrop_filter=&#8221;none&#8221; column_shadow=&#8221;none&#8221; column_border_radius=&#8221;none&#8221; column_link_target=&#8221;_self&#8221; overflow=&#8221;visible&#8221; gradient_direction=&#8221;left_to_right&#8221; overlay_strength=&#8221;0.3&#8243; width=&#8221;1\/2&#8243; tablet_width_inherit=&#8221;default&#8221; animation_type=&#8221;default&#8221; bg_image_animation=&#8221;none&#8221; border_type=&#8221;simple&#8221; column_border_width=&#8221;none&#8221; column_border_style=&#8221;solid&#8221;][nectar_global_section id=&#8221;1028&#8243;][vc_column_text text_direction=&#8221;default&#8221;]Saat lis\u00e4tietoa oman paikkakuntasi jakeluty\u00f6st\u00e4 paikallisesta SSM Suomen Suoramainonta -ketjun toimipisteest\u00e4. <a href=\"\/yhteystiedot\" target=\"_blank\" rel=\"noopener\">Katso yhteystiedot t\u00e4\u00e4lt\u00e4<\/a>.[\/vc_column_text][\/vc_column_inner][\/vc_row_inner][\/vc_column][\/vc_row][vc_row type=&#8221;full_width_background&#8221; full_screen_row_position=&#8221;middle&#8221; column_margin=&#8221;default&#8221; column_direction=&#8221;default&#8221; column_direction_tablet=&#8221;default&#8221; column_direction_phone=&#8221;default&#8221; scene_position=&#8221;center&#8221; top_padding=&#8221;4%&#8221; bottom_padding=&#8221;5%&#8221; top_padding_tablet=&#8221;10%&#8221; constrain_group_3=&#8221;yes&#8221; bottom_padding_tablet=&#8221;10%&#8221; top_padding_phone=&#8221;15%&#8221; bottom_padding_phone=&#8221;15%&#8221; top_margin_tablet=&#8221;0&#8243; top_margin_phone=&#8221;0&#8243; text_color=&#8221;dark&#8221; text_align=&#8221;left&#8221; row_border_radius=&#8221;none&#8221; row_border_radius_applies=&#8221;bg&#8221; overflow=&#8221;visible&#8221; overlay_strength=&#8221;0.3&#8243; gradient_direction=&#8221;left_to_right&#8221; shape_divider_position=&#8221;bottom&#8221; bg_image_animation=&#8221;none&#8221; gradient_type=&#8221;default&#8221; shape_type=&#8221;&#8221;][vc_column left_padding_desktop=&#8221;5%&#8221; constrain_group_101=&#8221;yes&#8221; right_padding_desktop=&#8221;5%&#8221; left_padding_tablet=&#8221;0&#8243; right_padding_tablet=&#8221;0&#8243; left_padding_phone=&#8221;0&#8243; constrain_group_105=&#8221;yes&#8221; right_padding_phone=&#8221;0&#8243; top_margin_phone=&#8221;0&#8243; column_element_direction_desktop=&#8221;default&#8221; column_element_spacing=&#8221;default&#8221; desktop_text_alignment=&#8221;default&#8221; tablet_text_alignment=&#8221;default&#8221; phone_text_alignment=&#8221;default&#8221; background_color_opacity=&#8221;1&#8243; background_hover_color_opacity=&#8221;1&#8243; column_backdrop_filter=&#8221;none&#8221; column_shadow=&#8221;none&#8221; column_border_radius=&#8221;none&#8221; column_link_target=&#8221;_self&#8221; column_position=&#8221;default&#8221; gradient_direction=&#8221;left_to_right&#8221; overlay_strength=&#8221;0.3&#8243; width=&#8221;1\/1&#8243; tablet_width_inherit=&#8221;default&#8221; animation_type=&#8221;default&#8221; bg_image_animation=&#8221;none&#8221; border_type=&#8221;simple&#8221; column_border_width=&#8221;none&#8221; column_border_style=&#8221;solid&#8221; column_padding_type=&#8221;advanced&#8221; gradient_type=&#8221;default&#8221;][vc_row_inner equal_height=&#8221;yes&#8221; content_placement=&#8221;top&#8221; column_margin=&#8221;80px&#8221; column_direction=&#8221;default&#8221; column_direction_tablet=&#8221;default&#8221; column_direction_phone=&#8221;default&#8221; text_align=&#8221;left&#8221; row_position=&#8221;default&#8221; row_position_tablet=&#8221;inherit&#8221; row_position_phone=&#8221;inherit&#8221; overflow=&#8221;visible&#8221; pointer_events=&#8221;all&#8221;][vc_column_inner column_padding=&#8221;no-extra-padding&#8221; column_padding_tablet=&#8221;inherit&#8221; column_padding_phone=&#8221;inherit&#8221; column_padding_position=&#8221;all&#8221; column_element_direction_desktop=&#8221;default&#8221; column_element_spacing=&#8221;default&#8221; desktop_text_alignment=&#8221;default&#8221; tablet_text_alignment=&#8221;default&#8221; phone_text_alignment=&#8221;default&#8221; background_color_opacity=&#8221;1&#8243; background_hover_color_opacity=&#8221;1&#8243; column_backdrop_filter=&#8221;none&#8221; column_shadow=&#8221;none&#8221; column_border_radius=&#8221;none&#8221; column_link_target=&#8221;_self&#8221; overflow=&#8221;visible&#8221; gradient_direction=&#8221;left_to_right&#8221; overlay_strength=&#8221;0.3&#8243; width=&#8221;1\/2&#8243; tablet_width_inherit=&#8221;default&#8221; animation_type=&#8221;default&#8221; bg_image_animation=&#8221;none&#8221; border_type=&#8221;simple&#8221; column_border_width=&#8221;none&#8221; column_border_style=&#8221;solid&#8221; column_padding_type=&#8221;default&#8221; gradient_type=&#8221;default&#8221;][vc_column_text css=&#8221;&#8221; text_direction=&#8221;default&#8221;]<strong>Jakelup\u00e4iv\u00e4t<\/strong><br \/>\nAutopiirijakajana ty\u00f6skentelet yhten\u00e4 p\u00e4iv\u00e4n\u00e4 viikossa: keskiviikkoisin. Jos haluat tehd\u00e4 t\u00f6it\u00e4 enemm\u00e4n, voit aloittaa mainosten lajittelun jo tiistaina. T\u00e4ll\u00e4 tavalla ehdit jakaa keskiviikkona useampia piirej\u00e4.<\/p>\n<p><strong>Jakelupiiri<\/strong><br \/>\nPyrimme valitsemaan jakelupiirisi mahdollisimman l\u00e4helt\u00e4 kotiasi. Yhden jakelupiirin koko on yleens\u00e4 noin 200\u2013500 taloutta. Jakelu suoritetaan piirikartan avulla.<\/p>\n<p><strong>Mainosten ja lehtien lajittelu<\/strong><br \/>\nJaettavien mainosten lajittelu on oleellinen osa jakeluty\u00f6t\u00e4, ja lajitteluun voi kulua jopa saman verran aikaa kuin itse jakeluun. Erilaisia mainoksia jokaisella jakelukierroksella on yleens\u00e4 noin 5\u201315 kappaletta. Mainokset ja lehdet toimitetaan sinulle omissa tuotekohtaisissa nipuissaan, joista jakeluniput kootaan. Lajittelu saattaa aluksi tuntua hitaalta, mutta opit kyll\u00e4 k\u00e4sittelem\u00e4\u00e4n mainoksia ripe\u00e4sti![\/vc_column_text][\/vc_column_inner][vc_column_inner column_padding=&#8221;no-extra-padding&#8221; column_padding_tablet=&#8221;inherit&#8221; column_padding_phone=&#8221;inherit&#8221; column_padding_position=&#8221;all&#8221; column_element_direction_desktop=&#8221;default&#8221; column_element_spacing=&#8221;default&#8221; desktop_text_alignment=&#8221;default&#8221; tablet_text_alignment=&#8221;default&#8221; phone_text_alignment=&#8221;default&#8221; background_color_opacity=&#8221;1&#8243; background_hover_color_opacity=&#8221;1&#8243; column_backdrop_filter=&#8221;none&#8221; column_shadow=&#8221;none&#8221; column_border_radius=&#8221;none&#8221; column_link_target=&#8221;_self&#8221; overflow=&#8221;visible&#8221; gradient_direction=&#8221;left_to_right&#8221; overlay_strength=&#8221;0.3&#8243; width=&#8221;1\/2&#8243; tablet_width_inherit=&#8221;default&#8221; animation_type=&#8221;default&#8221; bg_image_animation=&#8221;none&#8221; border_type=&#8221;simple&#8221; column_border_width=&#8221;none&#8221; column_border_style=&#8221;solid&#8221;][vc_column_text text_direction=&#8221;default&#8221;]<strong>Jakelu<\/strong><br \/>\nMainosten jakeluty\u00f6 vaatii tunnollisuutta ja pitk\u00e4j\u00e4nteisyytt\u00e4. Jakeluun kuluu aikaa piirist\u00e4 riippuen yleens\u00e4 1\u20134 tuntia, joillain jakelupiireill\u00e4 enemm\u00e4nkin. Ensimm\u00e4ist\u00e4 kertaa piirill\u00e4 liikkuessa aikaa kuluu yleens\u00e4 tavallista enemm\u00e4n.<\/p>\n<p><strong>Palkkaus<\/strong><br \/>\nPalkkasi m\u00e4\u00e4ritet\u00e4\u00e4n jakelupiirin koon, vaikeusasteen ja jaettavien tuotteiden lukum\u00e4\u00e4r\u00e4n mukaan. Tarkempaa tietoa palkkauksesta ja esimerkkej\u00e4 l\u00f6yd\u00e4t <a href=\"\/palkkaus\" target=\"_blank\" rel=\"noopener\">t\u00e4\u00e4lt\u00e4<\/a>.[\/vc_column_text][\/vc_column_inner][\/vc_row_inner][\/vc_column][\/vc_row]\n","protected":false},"excerpt":{"rendered":"<p>[vc_row type=&#8221;in_container&#8221; full_screen_row_position=&#8221;middle&#8221; column_margin=&#8221;default&#8221; column_direction=&#8221;default&#8221; column_direction_tablet=&#8221;default&#8221; column_direction_phone=&#8221;default&#8221; scene_position=&#8221;center&#8221; top_padding=&#8221;5%&#8221; bottom_padding=&#8221;2%&#8221; bottom_padding_phone=&#8221;0%&#8221; text_color=&#8221;dark&#8221; text_align=&#8221;left&#8221; row_border_radius=&#8221;none&#8221; row_border_radius_applies=&#8221;bg&#8221; overflow=&#8221;visible&#8221; overlay_strength=&#8221;0.3&#8243; gradient_direction=&#8221;left_to_right&#8221; shape_divider_position=&#8221;bottom&#8221; bg_image_animation=&#8221;none&#8221; gradient_type=&#8221;default&#8221; shape_type=&#8221;&#8221;][vc_column column_padding=&#8221;no-extra-padding&#8221; column_padding_tablet=&#8221;inherit&#8221; column_padding_phone=&#8221;inherit&#8221; column_padding_position=&#8221;all&#8221; column_element_direction_desktop=&#8221;default&#8221; column_element_spacing=&#8221;default&#8221; desktop_text_alignment=&#8221;default&#8221; tablet_text_alignment=&#8221;default&#8221;&#8230;<\/p>\n","protected":false},"author":1,"featured_media":0,"parent":225,"menu_order":0,"comment_status":"closed","ping_status":"closed","template":"","meta":{"_acf_changed":false,"_improvement_type_select":"improve_an_existing","_thumb_yes_seoaic":false,"_frame_yes_seoaic":false,"seoaic_generate_description":"","seoaic_improve_instructions_prompt":"","seoaic_rollback_content_improvement":"","seoaic_idea_thumbnail_generator":"","thumbnail_generated":false,"thumbnail_generate_prompt":"","seoaic_article_description":"","footnotes":""},"class_list":["post-1061","page","type-page","status-publish"],"acf":[],"_links":{"self":[{"href":"https:\/\/ssm.fi\/jakajaksi\/wp-json\/wp\/v2\/pages\/1061","targetHints":{"allow":["GET"]}}],"collection":[{"href":"https:\/\/ssm.fi\/jakajaksi\/wp-json\/wp\/v2\/pages"}],"about":[{"href":"https:\/\/ssm.fi\/jakajaksi\/wp-json\/wp\/v2\/types\/page"}],"author":[{"embeddable":true,"href":"https:\/\/ssm.fi\/jakajaksi\/wp-json\/wp\/v2\/users\/1"}],"replies":[{"embeddable":true,"href":"https:\/\/ssm.fi\/jakajaksi\/wp-json\/wp\/v2\/comments?post=1061"}],"version-history":[{"count":12,"href":"https:\/\/ssm.fi\/jakajaksi\/wp-json\/wp\/v2\/pages\/1061\/revisions"}],"predecessor-version":[{"id":2421,"href":"https:\/\/ssm.fi\/jakajaksi\/wp-json\/wp\/v2\/pages\/1061\/revisions\/2421"}],"up":[{"embeddable":true,"href":"https:\/\/ssm.fi\/jakajaksi\/wp-json\/wp\/v2\/pages\/225"}],"wp:attachment":[{"href":"https:\/\/ssm.fi\/jakajaksi\/wp-json\/wp\/v2\/media?parent=1061"}],"curies":[{"name":"wp","href":"https:\/\/api.w.org\/{rel}","templated":true}]}}