{"id":1668,"date":"2024-04-09T14:55:55","date_gmt":"2024-04-09T11:55:55","guid":{"rendered":"https:\/\/ssm.fi\/jakajaksi\/tietosuojaseloste"},"modified":"2024-04-12T13:13:48","modified_gmt":"2024-04-12T10:13:48","slug":"sekretesspolicy","status":"publish","type":"page","link":"https:\/\/ssm.fi\/jakajaksi\/sv\/sekretesspolicy","title":{"rendered":"Sekretesspolicy"},"content":{"rendered":"[vc_row type=&#8221;in_container&#8221; full_screen_row_position=&#8221;middle&#8221; column_margin=&#8221;default&#8221; column_direction=&#8221;default&#8221; column_direction_tablet=&#8221;default&#8221; column_direction_phone=&#8221;default&#8221; scene_position=&#8221;center&#8221; top_padding=&#8221;1%&#8221; bottom_padding=&#8221;6%&#8221; top_padding_phone=&#8221;4%&#8221; bottom_padding_phone=&#8221;15%&#8221; text_color=&#8221;dark&#8221; text_align=&#8221;left&#8221; row_border_radius=&#8221;none&#8221; row_border_radius_applies=&#8221;bg&#8221; overflow=&#8221;visible&#8221; overlay_strength=&#8221;0.3&#8243; gradient_direction=&#8221;left_to_right&#8221; shape_divider_position=&#8221;bottom&#8221; bg_image_animation=&#8221;none&#8221; gradient_type=&#8221;default&#8221; shape_type=&#8221;&#8221;][vc_column column_padding=&#8221;padding-4-percent&#8221; column_padding_tablet=&#8221;inherit&#8221; column_padding_phone=&#8221;inherit&#8221; column_padding_position=&#8221;all&#8221; column_element_direction_desktop=&#8221;default&#8221; column_element_spacing=&#8221;default&#8221; desktop_text_alignment=&#8221;default&#8221; tablet_text_alignment=&#8221;default&#8221; phone_text_alignment=&#8221;default&#8221; background_color=&#8221;rgba(0,154,232,0.09)&#8221; background_color_opacity=&#8221;1&#8243; background_hover_color_opacity=&#8221;1&#8243; column_backdrop_filter=&#8221;none&#8221; column_shadow=&#8221;none&#8221; column_border_radius=&#8221;15px&#8221; column_link_target=&#8221;_self&#8221; column_position=&#8221;default&#8221; gradient_direction=&#8221;left_to_right&#8221; overlay_strength=&#8221;0.3&#8243; width=&#8221;1\/1&#8243; tablet_width_inherit=&#8221;default&#8221; animation_type=&#8221;default&#8221; bg_image_animation=&#8221;none&#8221; border_type=&#8221;simple&#8221; column_border_width=&#8221;none&#8221; column_border_style=&#8221;solid&#8221; column_padding_type=&#8221;default&#8221; gradient_type=&#8221;default&#8221;][vc_column_text text_direction=&#8221;default&#8221; max_width=&#8221;900&#8243;]\n<h2>Sekretesspolicy: Arbetsans\u00f6kningsregister (www.jakajaksi.fi)<\/h2>\n<p>&nbsp;<\/p>\n<p><strong>1. Registeradministrat\u00f6r<\/strong><\/p>\n<p>Suomen Suoramainonta Oy samt andra dotter- och intressebolag som h\u00f6r till samma SSM-koncern (L\u00e4nsi-Uudenmaan Mainosjakelu Oy och Oulu Suorajakelu Oy) \u00e4r gemensamma registerf\u00f6rare som tillsammans definierar anv\u00e4ndnings\u00e4ndam\u00e5l av personuppgifter som g\u00e4ller registret som g\u00e4ller arbetss\u00f6kande. Gemensamma registerf\u00f6rare har kommit \u00f6verens om att Suomen Suoramainonta Oy ansvarar f\u00f6r att informera om de registrerade f\u00f6r sig sj\u00e4lv och dotter- och intressebolag.<\/p>\n<p>Suomen Suoramainonta Oy | FO-nummer: 0798131-5<br \/>\nV\u00e4ritehtaankatu 8, 01300 Vantaa<\/p>\n<p>Kontaktuppgifter ang\u00e5ende register:<br \/>\nV\u00e4ritehtaankatu 8, 01300 Vantaa<br \/>\n09 5615 6400 | olli-pekka.sinkko@ssm.fi<\/p>\n<p><strong>2. Registrerade<br \/>\n<\/strong><br \/>\nArbetss\u00f6kande (utdelningsarbete)<\/p>\n<p><strong>3. Anv\u00e4ndnings\u00e4ndam\u00e5l av personuppgifter och behandlingskriterier<\/strong><\/p>\n<p><strong>Grunderna f\u00f6r att h\u00e5lla registret<\/strong><br \/>\nTill registret samlas den information som arbetss\u00f6kande har angett, d\u00e4r Suomen Suoramainonta \u2013 kedjans utdelningsf\u00f6retag beh\u00f6ver potentiella arbetss\u00f6kandens identifiering och rekrytering. Behandling av personuppgifter baseras p\u00e5 arbetss\u00f6kandens angivna samtycke eller v\u00e5r ber\u00e4ttigade f\u00f6rdel.<\/p>\n<p><strong>4. I Registret lagrade personuppgifter<\/strong><\/p>\n<p>Arbetss\u00f6kande register inneh\u00e5ller f\u00f6ljande information:<\/p>\n<p>Namn och f\u00f6delsetid<br \/>\nAdress, e-postadress och telefonnummer<\/p>\n<p>Dessutom fr\u00e5gas den s\u00f6kande var informationen har f\u00e5tts om den lediga platsen, om s\u00f6kanden har tilg\u00e5ng till fordon, nuvarande arbetssituation och typen av \u00f6nskad anst\u00e4llning.<\/p>\n<p><strong>5. Registrerade r\u00e4ttigheter<br \/>\n<\/strong><br \/>\nDen registrerade har f\u00f6ljande r\u00e4ttigheter, vars \u00f6nskem\u00e5l om anv\u00e4ndning ska g\u00f6ras till adressen info@ssm.fi.<\/p>\n<p><strong>Inspektionsr\u00e4tt<\/strong><br \/>\nDen registrerade kan kontrollera den personliga informationen vi har lagrat.<\/p>\n<p><strong>R\u00e4tten till att r\u00e4tta till informationen<\/strong><br \/>\nDen registrerade kan beg\u00e4ra om att korrigera felaktiga eller ofullst\u00e4ndiga uppgifter om honom \/ henne.<\/p>\n<p><strong>Oppositionsr\u00e4tt<\/strong><br \/>\nDen registrerade personen kan g\u00f6ra inv\u00e4ndningar mot behandlingen av personuppgifter som baserar sig p\u00e5 den ber\u00e4ttigade f\u00f6rdelen.<\/p>\n<p><strong>Avl\u00e4gsnande av r\u00e4tten till<\/strong><br \/>\nDen registrerade har r\u00e4tt till att beg\u00e4ra att uppgifterna raderas om uppgifterna inte \u00e4r n\u00f6dv\u00e4ndiga. Vi behandlar beg\u00e4ran om borttagningen, varefter vi antingen raderar informationen eller ger en motiverad anledning till att informationen inte kan raderas. Det b\u00f6r noteras att registeradministrat\u00f6ren kan ha lagstadgade eller andra r\u00e4ttigheter f\u00f6r att inte ta bort den beg\u00e4rda informationen. Registeradministrat\u00f6ren \u00e4r skyldig att beh\u00e5lla bokf\u00f6ringen i bokslutslagen (kapittel 2, avsnitt 10) i enlighet med en tidsperiod p\u00e5 10 \u00e5r. D\u00e4rf\u00f6r kan bokf\u00f6ringen inte tas bort innan tidsfristen l\u00f6per ut.<\/p>\n<p><strong>\u00c5terkallande av samtycke<\/strong><br \/>\nDen registrerade personen f\u00e5r \u00e5terkalla sitt samtycke till behandlingen av personuppgifterna. \u00c5terkallande av samtycke leder till att vi inte kan beakta den registrerade personens ans\u00f6kan i rekryteringen.<\/p>\n<p>&nbsp;<\/p>\n<p><strong>Begr\u00e4nsning av behandlingen<\/strong><br \/>\nDen registrerade har r\u00e4tt att kr\u00e4va att vi begr\u00e4nsar behandlingen av kontroversiella uppgifter tills \u00e4rendet \u00e4r l\u00f6st.<\/p>\n<p><strong>R\u00e4tt att \u00f6verf\u00f6ra uppgifter<\/strong><br \/>\nDen registrerade har r\u00e4tt att f\u00e5 de uppgifter som hen har angett och som vi behandlar automatiskt p\u00e5 basis av medgivande, i en allm\u00e4nt anv\u00e4nd och maskinellt l\u00e4sbar form och \u00f6verf\u00f6ra uppgifter till en annan registeradministrat\u00f6r.<\/p>\n<p><strong>R\u00e4tt att \u00f6verklaga<\/strong><br \/>\nDen registrerade har r\u00e4tt att \u00f6verklaga till dataskyddsombudsmannen om hon eller han inser att vi bryter mot personuppgifter n\u00e4r det g\u00e4ller befintlig lagstiftning om dataskydd. Kontaktuppgifter till dataskyddsombudsmannen: www.tietosuoja.fi\/fi\/index\/yhteystiedot.html<\/p>\n<p><strong>6. Regelbundna informationsk\u00e4llor<br \/>\n<\/strong><br \/>\nUppgifterna erh\u00e5lls regelbundet fr\u00e5n arbetss\u00f6kande via onlineformul\u00e4ret.<\/p>\n<p><strong>7. Regelbunden informationskommunikation<br \/>\n<\/strong><br \/>\nInformationen l\u00e4mnas inte ut f\u00f6r markandsf\u00f6ring eller andra \u00e4ndam\u00e5l till tredje parter. Uppgifter kan l\u00e4mnas ut till myndigheter p\u00e5 beg\u00e4ran av dem enligt lag eller till den mottagande parten i samband med en f\u00f6retagsaff\u00e4r.<\/p>\n<p><strong>8. Behandlingstid<br \/>\n<\/strong><br \/>\nPersonuppgifter kan behandlas som regel s\u00e5 l\u00e4nge arbetsans\u00f6kan \u00e4r i kraft eller \u00e4r n\u00f6dv\u00e4ndigt f\u00f6r att sk\u00f6ta skyldigheter som g\u00e4ller rekrytering, inklusive m\u00f6jliga konflikter. En arbetsans\u00f6kan anses vara i kraft den tid som s\u00f6kanden har angett, eller om tiden inte har angetts, h\u00f6gst 2 \u00e5r.<\/p>\n<p><strong>9. Personuppgifternas hanterare<br \/>\n<\/strong><br \/>\nRegisteradministrat\u00f6ren, hans anst\u00e4llda och Suomen Suoramainonta- kedjans anst\u00e4llda behandlar den personliga informationen. Vi kan ocks\u00e5 utesluta behandlingen av personuppgifter till tredje part, s\u00e5 vi kan garantera avtalsbest\u00e4mmelser om att personuppgifterna kommer att behandlas i enlighet med g\u00e4llande lagstiftning om dataskydd och p\u00e5 ett annat l\u00e4mpligt s\u00e4tt.<\/p>\n<p><strong>10. \u00d6verf\u00f6ring av uppgifter utanf\u00f6r EU<br \/>\n<\/strong><br \/>\nPersonuppgifter kommer inte att \u00f6verf\u00f6ras utanf\u00f6r EU eller Europeiska ekonomiska samarbetsomr\u00e5det.<\/p>\n<p><strong>11. Automatiserat beslutsfattande och profilering<br \/>\n<\/strong><br \/>\nVi anv\u00e4nder inte informationen f\u00f6r automatisk beslutsfattande eller profilering.<\/p>\n<p>&nbsp;<\/p>\n<p>Uppdaterad 4.1.2024.<\/p>\n[\/vc_column_text][\/vc_column][\/vc_row]\n","protected":false},"excerpt":{"rendered":"<p>[vc_row type=&#8221;in_container&#8221; full_screen_row_position=&#8221;middle&#8221; column_margin=&#8221;default&#8221; column_direction=&#8221;default&#8221; column_direction_tablet=&#8221;default&#8221; column_direction_phone=&#8221;default&#8221; scene_position=&#8221;center&#8221; top_padding=&#8221;1%&#8221; bottom_padding=&#8221;6%&#8221; top_padding_phone=&#8221;4%&#8221; bottom_padding_phone=&#8221;15%&#8221; text_color=&#8221;dark&#8221; text_align=&#8221;left&#8221; row_border_radius=&#8221;none&#8221; row_border_radius_applies=&#8221;bg&#8221; overflow=&#8221;visible&#8221; overlay_strength=&#8221;0.3&#8243; gradient_direction=&#8221;left_to_right&#8221; shape_divider_position=&#8221;bottom&#8221; bg_image_animation=&#8221;none&#8221; gradient_type=&#8221;default&#8221; shape_type=&#8221;&#8221;][vc_column column_padding=&#8221;padding-4-percent&#8221; column_padding_tablet=&#8221;inherit&#8221; column_padding_phone=&#8221;inherit&#8221; column_padding_position=&#8221;all&#8221; column_element_direction_desktop=&#8221;default&#8221; column_element_spacing=&#8221;default&#8221; desktop_text_alignment=&#8221;default&#8221;&#8230;<\/p>\n","protected":false},"author":1,"featured_media":0,"parent":0,"menu_order":0,"comment_status":"closed","ping_status":"closed","template":"","meta":{"_acf_changed":false,"_improvement_type_select":"improve_an_existing","_thumb_yes_seoaic":false,"_frame_yes_seoaic":false,"seoaic_generate_description":"","seoaic_improve_instructions_prompt":"","seoaic_rollback_content_improvement":"","seoaic_idea_thumbnail_generator":"","thumbnail_generated":false,"thumbnail_generate_prompt":"","seoaic_article_description":"","footnotes":""},"class_list":["post-1668","page","type-page","status-publish"],"acf":[],"_links":{"self":[{"href":"https:\/\/ssm.fi\/jakajaksi\/sv\/wp-json\/wp\/v2\/pages\/1668","targetHints":{"allow":["GET"]}}],"collection":[{"href":"https:\/\/ssm.fi\/jakajaksi\/sv\/wp-json\/wp\/v2\/pages"}],"about":[{"href":"https:\/\/ssm.fi\/jakajaksi\/sv\/wp-json\/wp\/v2\/types\/page"}],"author":[{"embeddable":true,"href":"https:\/\/ssm.fi\/jakajaksi\/sv\/wp-json\/wp\/v2\/users\/1"}],"replies":[{"embeddable":true,"href":"https:\/\/ssm.fi\/jakajaksi\/sv\/wp-json\/wp\/v2\/comments?post=1668"}],"version-history":[{"count":2,"href":"https:\/\/ssm.fi\/jakajaksi\/sv\/wp-json\/wp\/v2\/pages\/1668\/revisions"}],"predecessor-version":[{"id":1946,"href":"https:\/\/ssm.fi\/jakajaksi\/sv\/wp-json\/wp\/v2\/pages\/1668\/revisions\/1946"}],"wp:attachment":[{"href":"https:\/\/ssm.fi\/jakajaksi\/sv\/wp-json\/wp\/v2\/media?parent=1668"}],"curies":[{"name":"wp","href":"https:\/\/api.w.org\/{rel}","templated":true}]}}